{"id":8289,"date":"2023-11-09T13:10:50","date_gmt":"2023-11-09T12:10:50","guid":{"rendered":"https:\/\/patricia-et-rene-immobilier.com\/?page_id=8289"},"modified":"2023-11-30T18:04:00","modified_gmt":"2023-11-30T17:04:00","slug":"estimation-gratuite","status":"publish","type":"page","link":"https:\/\/patricia-et-rene-immobilier.com\/index.php\/estimation-gratuite\/","title":{"rendered":"Estimation gratuite"},"content":{"rendered":"\t\t<div data-elementor-type=\"wp-page\" data-elementor-id=\"8289\" class=\"elementor elementor-8289\">\n\t\t\t\t\t\t\t<div class=\"elementor-element elementor-element-d404f7c e-flex e-con-boxed e-con e-parent\" data-id=\"d404f7c\" data-element_type=\"container\" data-settings=\"{&quot;content_width&quot;:&quot;boxed&quot;}\" data-core-v316-plus=\"true\">\n\t\t\t\t\t<div class=\"e-con-inner\">\n\t\t\t\t<div class=\"elementor-element elementor-element-f74b828 elementor-button-align-stretch elementor-widget elementor-widget-houzez_elementor_contact_form\" data-id=\"f74b828\" data-element_type=\"widget\" data-widget_type=\"houzez_elementor_contact_form.default\">\n\t\t\t\t<div class=\"elementor-widget-container\">\n\t\t\t\n        <script type=\"application\/javascript\">\n            jQuery(document).bind(\"ready\", function () {\n                houzezValidateElementor(\"#houzez-form-f74b828\" );\n            });\n        <\/script>\n\n        <form class=\"elementor-form\" id=\"houzez-form-f74b828\" method=\"post\" name=\"New Form\" action=\"https:\/\/patricia-et-rene-immobilier.com\/wp-admin\/admin-ajax.php\">\n            <input type=\"hidden\" name=\"form_id\" value=\"f74b828\"\/>\n            <input type=\"hidden\" name=\"houzez_contact_form\" value=\"yes\"\/>\n            <input type=\"hidden\" name=\"action\" value=\"houzez_ele_contact_form\" \/>\n            <input type=\"hidden\" name=\"source_link\" value=\"https:\/\/patricia-et-rene-immobilier.com\/index.php\/estimation-gratuite\/\" \/>\n            <input type=\"hidden\" name=\"lead_page_id\" value=\"8289\" \/>\n            <input type=\"hidden\" name=\"email_to\" value=\"immobilier.patricia@hotmail.com\" \/>\n            <input type=\"hidden\" name=\"email_subject\" value=\"Nouvelle entr\u00e9e formulaire : Estimation Gratuite\" \/>\n            <input type=\"hidden\" name=\"email_to_cc\" value=\"\" \/>\n            <input type=\"hidden\" name=\"email_to_bcc\" value=\"\" \/>\n            <input type=\"hidden\" name=\"webhook\" value=\"false\" \/>\n            <input type=\"hidden\" name=\"webhook_url\" value=\"\" \/>\n            <input type=\"hidden\" name=\"redirect_to\" value=\"\" \/>\n            <input type=\"hidden\" name=\"google_recaptcha\" value=\"false\" \/>\n            \n\n            <div class=\"elementor-form-fields-wrapper elementor-labels-above\">\n\n                                    <div class=\"elementor-field-group elementor-column form-group elementor-field-group-name elementor-col-75 elementor-field-required\">\n                    <label for=\"form-field-name\" class=\"elementor-field-label\">Type de bien<\/label>        <div class=\"elementor-field elementor-select-wrapper\">\n            <select name=\"user_type\" id=\"form-field-name\" class=\"elementor-field-textual form-control elementor-size-sm\" required=\"required\" title=\"* Type de bien\">\n                <option value=\"Maison\">Maison<\/option><option value=\"Appartement\">Appartement<\/option><option value=\"Immeuble\">Immeuble<\/option><option value=\"Terrain\">Terrain<\/option><option value=\"Bureau\">Bureau<\/option><option value=\"Local commercial\">Local commercial<\/option><option value=\"Parking \/ Garage \/ Box\">Parking \/ Garage \/ Box<\/option>            <\/select>\n        <\/div>\n                            <\/div>\n\n                                        <div class=\"elementor-field-group elementor-column form-group elementor-field-group-email elementor-col-80 elementor-field-required\">\n                    <label for=\"form-field-email\" class=\"elementor-field-label\">Adresse de votre bien<\/label><input type=\"text\" name=\"address\" id=\"form-field-email\" class=\"elementor-field form-control elementor-size-sm elementor-field-textual\" title=\"* Adresse de votre bien\" required=\"required\">                    <\/div>\n\n                                        <div class=\"elementor-field-group elementor-column form-group elementor-field-group-message elementor-col-33 elementor-field-required\">\n                    <label for=\"form-field-message\" class=\"elementor-field-label\">Surface de votre bien (en m2)<\/label><textarea class=\"elementor-field-textual elementor-field elementor-size-sm\" name=\"message\" id=\"form-field-message\" rows=\"1\" required=\"required\" title=\"* Surface de votre bien (en m2)\"><\/textarea>                    <\/div>\n\n                                        <div class=\"elementor-field-group elementor-column form-group elementor-field-group-7d111cb elementor-col-33 elementor-field-required\">\n                    <label for=\"form-field-7d111cb\" class=\"elementor-field-label\">Surface du terrain (en m2)<\/label><textarea class=\"elementor-field-textual elementor-field elementor-size-sm\" name=\"message\" id=\"form-field-7d111cb\" rows=\"1\" required=\"required\" title=\"* Surface du terrain (en m2)\"><\/textarea>                    <\/div>\n\n                                        <div class=\"elementor-field-group elementor-column form-group elementor-field-group-1ece792 elementor-col-40 elementor-field-required\">\n                    <label for=\"form-field-1ece792\" class=\"elementor-field-label\">Nombres de pi\u00e8ces<\/label>        <div class=\"elementor-field elementor-select-wrapper\">\n            <select name=\"user_type\" id=\"form-field-1ece792\" class=\"elementor-field-textual form-control elementor-size-sm\" required=\"required\" title=\"* Nombres de pi\u00e8ces\">\n                <option value=\"1\">1<\/option><option value=\"2\">2<\/option><option value=\"3\">3<\/option><option value=\"4\">4<\/option><option value=\"5 &amp; +\">5 &amp; +<\/option>            <\/select>\n        <\/div>\n                            <\/div>\n\n                                        <div class=\"elementor-field-group elementor-column form-group elementor-field-group-5d9a1e7 elementor-col-33 elementor-field-required\">\n                    <label for=\"form-field-5d9a1e7\" class=\"elementor-field-label\">Nombres de chambres<\/label>        <div class=\"elementor-field elementor-select-wrapper\">\n            <select name=\"user_type\" id=\"form-field-5d9a1e7\" class=\"elementor-field-textual form-control elementor-size-sm\" required=\"required\" title=\"* Nombres de chambres\">\n                <option value=\"1\">1<\/option><option value=\"2\">2<\/option><option value=\"3\">3<\/option><option value=\"4\">4<\/option><option value=\"5 &amp; +\">5 &amp; +<\/option>            <\/select>\n        <\/div>\n                            <\/div>\n\n                                        <div class=\"elementor-field-group elementor-column form-group elementor-field-group-db96573 elementor-col-33 elementor-field-required\">\n                    <label for=\"form-field-db96573\" class=\"elementor-field-label\">Nom<\/label><input type=\"text\" name=\"last_name\" id=\"form-field-db96573\" class=\"elementor-field form-control elementor-size-sm elementor-field-textual\" title=\"* Nom\" required=\"required\">                    <\/div>\n\n                                        <div class=\"elementor-field-group elementor-column form-group elementor-field-group-9a12843 elementor-col-40 elementor-field-required\">\n                    <label for=\"form-field-9a12843\" class=\"elementor-field-label\">Pr\u00e9nom<\/label><input type=\"text\" name=\"first_name\" id=\"form-field-9a12843\" class=\"elementor-field form-control elementor-size-sm elementor-field-textual\" title=\"* Pr\u00e9nom\" required=\"required\">                    <\/div>\n\n                                        <div class=\"elementor-field-group elementor-column form-group elementor-field-group-927087a elementor-col-33 elementor-field-required\">\n                    <label for=\"form-field-927087a\" class=\"elementor-field-label\">Adresse<\/label><input type=\"text\" name=\"address\" id=\"form-field-927087a\" class=\"elementor-field form-control elementor-size-sm elementor-field-textual\" title=\"* Adresse\" required=\"required\">                    <\/div>\n\n                                        <div class=\"elementor-field-group elementor-column form-group elementor-field-group-f9c44fe elementor-col-33 elementor-field-required\">\n                    <label for=\"form-field-f9c44fe\" class=\"elementor-field-label\">Code postal<\/label><input type=\"text\" name=\"zip\" id=\"form-field-f9c44fe\" class=\"elementor-field form-control elementor-size-sm elementor-field-textual\" title=\"* Code postal\" required=\"required\">                    <\/div>\n\n                                        <div class=\"elementor-field-group elementor-column form-group elementor-field-group-4177a05 elementor-col-33 elementor-field-required\">\n                    <label for=\"form-field-4177a05\" class=\"elementor-field-label\">Ville<\/label><input type=\"text\" name=\"city\" id=\"form-field-4177a05\" class=\"elementor-field form-control elementor-size-sm elementor-field-textual\" title=\"* Ville\" required=\"required\">                    <\/div>\n\n                                        <div class=\"elementor-field-group elementor-column form-group elementor-field-group-659eadb elementor-col-50 elementor-field-required\">\n                    <label for=\"form-field-659eadb\" class=\"elementor-field-label\">T\u00e9l\u00e9phone<\/label><input type=\"text\" name=\"mobile\" id=\"form-field-659eadb\" class=\"elementor-field form-control elementor-size-sm elementor-field-textual\" title=\"* T\u00e9l\u00e9phone\" required=\"required\">                    <\/div>\n\n                                        <div class=\"elementor-field-group elementor-column form-group elementor-field-group-a0d7e90 elementor-col-50 elementor-field-required\">\n                    <label for=\"form-field-a0d7e90\" class=\"elementor-field-label\">Email<\/label><input type=\"email\" name=\"email\" id=\"form-field-a0d7e90\" class=\"elementor-field form-control elementor-size-sm elementor-field-textual\" title=\"* Email\" required=\"required\">                    <\/div>\n\n                                        <div class=\"elementor-field-group elementor-column form-group elementor-field-group-fd067c7 elementor-col-100\">\n                    <label for=\"form-field-fd067c7\" class=\"elementor-field-label\">Message optionnel<\/label><textarea class=\"elementor-field-textual elementor-field elementor-size-sm\" name=\"message\" id=\"form-field-fd067c7\" rows=\"4\"><\/textarea>                    <\/div>\n\n                    \n                    \n                    \n                    <div class=\"elementor-field-group elementor-column elementor-field-type-submit elementor-col-100\">\n                    <button type=\"submit\" class=\"btn houzez-submit-button houzez-contact-form-js elementor-button elementor-size-sm\">\n                        <i class=\"btn-loader houzez-loader-js\"><\/i>\n                                                    Envoyer le formulaire                                            <\/button>\n                <\/div>\n            <\/div><!-- End wrapper-->\n            <br\/>\n            <div class=\"ele-form-messages\"><\/div>\n            <div class=\"error-container\"><\/div>\n\n        <\/form>\n\n    \t\t<\/div>\n\t\t\t\t<\/div>\n\t\t\t\t\t<\/div>\n\t\t\t\t<\/div>\n\t\t\t\t\t\t\t<\/div>\n\t\t","protected":false},"excerpt":{"rendered":"<p>Type de bien MaisonAppartementImmeubleTerrainBureauLocal commercialParking \/ Garage \/ Box Adresse de votre bien Surface de votre bien (en m2) Surface du terrain (en m2) Nombres de pi\u00e8ces 12345 &amp; + Nombres de chambres 12345 &amp; + Nom Pr\u00e9nom Adresse Code postal Ville T\u00e9l\u00e9phone Email Message optionnel Envoyer le formulaire<\/p>\n","protected":false},"author":1,"featured_media":0,"parent":0,"menu_order":0,"comment_status":"closed","ping_status":"closed","template":"","meta":{"om_disable_all_campaigns":false,"_monsterinsights_skip_tracking":false,"_monsterinsights_sitenote_active":false,"_monsterinsights_sitenote_note":"","_monsterinsights_sitenote_category":0},"aioseo_notices":[],"_links":{"self":[{"href":"https:\/\/patricia-et-rene-immobilier.com\/index.php\/wp-json\/wp\/v2\/pages\/8289"}],"collection":[{"href":"https:\/\/patricia-et-rene-immobilier.com\/index.php\/wp-json\/wp\/v2\/pages"}],"about":[{"href":"https:\/\/patricia-et-rene-immobilier.com\/index.php\/wp-json\/wp\/v2\/types\/page"}],"author":[{"embeddable":true,"href":"https:\/\/patricia-et-rene-immobilier.com\/index.php\/wp-json\/wp\/v2\/users\/1"}],"replies":[{"embeddable":true,"href":"https:\/\/patricia-et-rene-immobilier.com\/index.php\/wp-json\/wp\/v2\/comments?post=8289"}],"version-history":[{"count":11,"href":"https:\/\/patricia-et-rene-immobilier.com\/index.php\/wp-json\/wp\/v2\/pages\/8289\/revisions"}],"predecessor-version":[{"id":8593,"href":"https:\/\/patricia-et-rene-immobilier.com\/index.php\/wp-json\/wp\/v2\/pages\/8289\/revisions\/8593"}],"wp:attachment":[{"href":"https:\/\/patricia-et-rene-immobilier.com\/index.php\/wp-json\/wp\/v2\/media?parent=8289"}],"curies":[{"name":"wp","href":"https:\/\/api.w.org\/{rel}","templated":true}]}}